{"id":4281,"date":"2019-09-17T12:14:21","date_gmt":"2019-09-17T10:14:21","guid":{"rendered":"https:\/\/www.sporting-village.fr\/toulouse\/?page_id=4281"},"modified":"2019-09-18T12:21:03","modified_gmt":"2019-09-18T10:21:03","slug":"les-partenaires-de-sporting-village","status":"publish","type":"page","link":"https:\/\/www.sporting-village.fr\/toulouse\/les-partenaires-de-sporting-village\/","title":{"rendered":"Soci\u00e9t\u00e9s partenaires"},"content":{"rendered":"\n<h2 class=\"wp-block-heading\">Sporting Promotion <\/h2>\n\n\n\n<figure class=\"wp-block-image\"><img loading=\"lazy\" decoding=\"async\" width=\"300\" height=\"100\" src=\"https:\/\/www.sporting-village.fr\/toulouse\/wp-content\/uploads\/sites\/3\/2019\/09\/Logo-Sporting-Promotion.png\" alt=\"\" class=\"wp-image-4285\" \/><\/figure>\n\n\n\n<p>En intervenant depuis plus de vingt ans dans les domaines de l\u2019immobilier r\u00e9sidentiel, mixte et tertiaire, <a href=\"https:\/\/www.sporting-promotion.fr\/\">le promoteur Sporting Promotion<\/a> revisite \u00e0 sa mani\u00e8re la conception du logement de demain \u00e0 Toulouse et Bordeaux. <\/p>\n\n\n\n<h2 class=\"wp-block-heading\">Actwin <\/h2>\n\n\n\n<figure class=\"wp-block-image\"><img loading=\"lazy\" decoding=\"async\" width=\"372\" height=\"75\" src=\"https:\/\/www.sporting-village.fr\/toulouse\/wp-content\/uploads\/sites\/3\/2019\/09\/Logo-Actwin.png\" alt=\"\" class=\"wp-image-4286\" srcset=\"https:\/\/www.sporting-village.fr\/toulouse\/wp-content\/uploads\/sites\/3\/2019\/09\/Logo-Actwin.png 372w, https:\/\/www.sporting-village.fr\/toulouse\/wp-content\/uploads\/sites\/3\/2019\/09\/Logo-Actwin-300x60.png 300w, https:\/\/www.sporting-village.fr\/toulouse\/wp-content\/uploads\/sites\/3\/2019\/09\/Logo-Actwin-350x71.png 350w\" sizes=\"auto, (max-width: 372px) 100vw, 372px\" \/><\/figure>\n\n\n\n<p>La soci\u00e9t\u00e9 <a href=\"https:\/\/www.actwin.fr\/\">Actwin<\/a> \u00e0 Toulouse vous accompagne dans la cr\u00e9ation, la gestion et la transmission de votre patrimoine, en s\u00e9lectionnant les solutions patrimoniales, financi\u00e8res et immobili\u00e8res les plus adapt\u00e9es \u00e0 vos besoins. <\/p>\n\n\n\n<h2 class=\"wp-block-heading\">Actwin Financements <\/h2>\n\n\n\n<figure class=\"wp-block-image\"><img loading=\"lazy\" decoding=\"async\" width=\"306\" height=\"52\" src=\"https:\/\/www.sporting-village.fr\/toulouse\/wp-content\/uploads\/sites\/3\/2019\/09\/Logo-Actwin-financements.png\" alt=\"\" class=\"wp-image-4287\" srcset=\"https:\/\/www.sporting-village.fr\/toulouse\/wp-content\/uploads\/sites\/3\/2019\/09\/Logo-Actwin-financements.png 306w, https:\/\/www.sporting-village.fr\/toulouse\/wp-content\/uploads\/sites\/3\/2019\/09\/Logo-Actwin-financements-300x51.png 300w\" sizes=\"auto, (max-width: 306px) 100vw, 306px\" \/><\/figure>\n\n\n\n<p><a href=\"https:\/\/www.actwin-financements.fr\/\">Actwin Financements<\/a> est un cabinet de courtage en financement immobilier cr\u00e9\u00e9 par S\u00e9bastien Lartigue. Courtier sp\u00e9cialis\u00e9 \u00e0 Toulouse depuis plusieurs ann\u00e9es, il vous aide \u00e0 trouver le meilleur taux pour votre pr\u00eat immobilier.<\/p>\n\n\n\n<h2 class=\"wp-block-heading\">Duclos Voyages <\/h2>\n\n\n\n<figure class=\"wp-block-image\"><img loading=\"lazy\" decoding=\"async\" width=\"263\" height=\"80\" src=\"https:\/\/www.sporting-village.fr\/toulouse\/wp-content\/uploads\/sites\/3\/2019\/09\/logo_duclos-1.jpg\" alt=\"\" class=\"wp-image-4292\" srcset=\"https:\/\/www.sporting-village.fr\/toulouse\/wp-content\/uploads\/sites\/3\/2019\/09\/logo_duclos-1.jpg 263w, https:\/\/www.sporting-village.fr\/toulouse\/wp-content\/uploads\/sites\/3\/2019\/09\/logo_duclos-1-260x80.jpg 260w\" sizes=\"auto, (max-width: 263px) 100vw, 263px\" \/><\/figure>\n\n\n\n<p>Depuis 1993, <a href=\"https:\/\/www.voyages-duclos.com\/\">Duclos Voyages<\/a> \u00e0 Toulouse vous transporte en autocar pour  tous vos cong\u00e9s, s\u00e9minaires et voyages de groupe \u00e0 travers la France ou en Europe.<\/p>\n\n\n\n<h2 class=\"wp-block-heading\">EIBE <\/h2>\n\n\n\n<figure class=\"wp-block-image\"><img loading=\"lazy\" decoding=\"async\" width=\"213\" height=\"87\" src=\"https:\/\/www.sporting-village.fr\/toulouse\/wp-content\/uploads\/sites\/3\/2019\/09\/logo-EIBE.png\" alt=\"\" class=\"wp-image-4315\" \/><\/figure>\n\n\n\n<p>L&rsquo;<a href=\"https:\/\/www.eibe-formation.com\/\">Ecole Internationale de Sant\u00e9 Bien-\u00catre<\/a> (EIBE) forme les praticiens dans le domaine du bien-\u00eatre, de la sant\u00e9 et du secteur param\u00e9dical (naturopathie, phytoth\u00e9rapie, aromath\u00e9rapie, m\u00e9decine chinoise, formation en r\u00e9flexologie).<\/p>\n\n\n\n<h2 class=\"wp-block-heading\">Pro Direct<\/h2>\n\n\n\n<figure class=\"wp-block-image is-resized\"><img loading=\"lazy\" decoding=\"async\" src=\"https:\/\/www.sporting-village.fr\/toulouse\/wp-content\/uploads\/sites\/3\/2019\/09\/logo-Pro-direct.png\" alt=\"\" class=\"wp-image-4316\" width=\"402\" height=\"125\" \/><\/figure>\n\n\n\n<p><a href=\"http:\/\/www.groupe-prodirect.com\/\">Pro Direct<\/a> est une agence de marketing experte de la relation client et de la communication omnicanale,  qui vous accompagne dans vos strat\u00e9gies off line, digitales et des r\u00e9seaux sociaux. <\/p>\n","protected":false},"excerpt":{"rendered":"<p>Sporting Promotion En intervenant depuis plus de vingt ans dans les domaines de l\u2019immobilier r\u00e9sidentiel, mixte et tertiaire, le promoteur Sporting Promotion revisite \u00e0 sa mani\u00e8re la conception du logement de demain \u00e0 Toulouse et Bordeaux. Actwin La soci\u00e9t\u00e9 Actwin \u00e0 Toulouse vous accompagne dans la cr\u00e9ation, la gestion et la transmission de votre patrimoine, [&hellip;]<\/p>\n","protected":false},"author":7,"featured_media":4119,"parent":0,"menu_order":0,"comment_status":"closed","ping_status":"closed","template":"","meta":{"_acf_changed":false,"content-type":"","footnotes":""},"class_list":["post-4281","page","type-page","status-publish","has-post-thumbnail","hentry"],"acf":[],"yoast_head":"<!-- This site is optimized with the Yoast SEO plugin v27.1.1 - https:\/\/yoast.com\/product\/yoast-seo-wordpress\/ -->\n<title>Les soci\u00e9t\u00e9s partenaires du Sporting Village - Sporting Village Toulouse<\/title>\n<meta name=\"description\" content=\"D\u00e9couvrez en quelques lignes qui sont les partenaires de confiance du Sporting Village, tiers-lieu multiactivit\u00e9s \u00e0 Toulouse.\" \/>\n<meta name=\"robots\" content=\"index, follow, max-snippet:-1, max-image-preview:large, max-video-preview:-1\" \/>\n<link rel=\"canonical\" href=\"https:\/\/www.sporting-village.fr\/toulouse\/les-partenaires-de-sporting-village\/\" \/>\n<meta property=\"og:locale\" content=\"fr_FR\" \/>\n<meta property=\"og:type\" content=\"article\" \/>\n<meta property=\"og:title\" content=\"Les soci\u00e9t\u00e9s partenaires du Sporting Village - Sporting Village Toulouse\" \/>\n<meta property=\"og:description\" content=\"D\u00e9couvrez en quelques lignes qui sont les partenaires de confiance du Sporting Village, tiers-lieu multiactivit\u00e9s \u00e0 Toulouse.\" \/>\n<meta property=\"og:url\" content=\"https:\/\/www.sporting-village.fr\/toulouse\/les-partenaires-de-sporting-village\/\" \/>\n<meta property=\"og:site_name\" content=\"Sporting Village Toulouse\" \/>\n<meta property=\"article:modified_time\" content=\"2019-09-18T10:21:03+00:00\" \/>\n<meta property=\"og:image\" content=\"https:\/\/www.sporting-village.fr\/toulouse\/wp-content\/uploads\/sites\/3\/2019\/09\/bg-contact.jpg\" \/>\n\t<meta property=\"og:image:width\" content=\"1900\" \/>\n\t<meta property=\"og:image:height\" content=\"578\" \/>\n\t<meta property=\"og:image:type\" content=\"image\/jpeg\" \/>\n<meta name=\"twitter:card\" content=\"summary_large_image\" \/>\n<meta name=\"twitter:label1\" content=\"Dur\u00e9e de lecture estim\u00e9e\" \/>\n\t<meta name=\"twitter:data1\" content=\"1 minute\" \/>\n<script type=\"application\/ld+json\" class=\"yoast-schema-graph\">{\"@context\":\"https:\/\/schema.org\",\"@graph\":[{\"@type\":\"WebPage\",\"@id\":\"https:\/\/www.sporting-village.fr\/toulouse\/les-partenaires-de-sporting-village\/\",\"url\":\"https:\/\/www.sporting-village.fr\/toulouse\/les-partenaires-de-sporting-village\/\",\"name\":\"Les soci\u00e9t\u00e9s partenaires du Sporting Village - Sporting Village Toulouse\",\"isPartOf\":{\"@id\":\"https:\/\/www.sporting-village.fr\/toulouse\/#website\"},\"primaryImageOfPage\":{\"@id\":\"https:\/\/www.sporting-village.fr\/toulouse\/les-partenaires-de-sporting-village\/#primaryimage\"},\"image\":{\"@id\":\"https:\/\/www.sporting-village.fr\/toulouse\/les-partenaires-de-sporting-village\/#primaryimage\"},\"thumbnailUrl\":\"https:\/\/www.sporting-village.fr\/toulouse\/wp-content\/uploads\/sites\/3\/2019\/09\/bg-contact.jpg\",\"datePublished\":\"2019-09-17T10:14:21+00:00\",\"dateModified\":\"2019-09-18T10:21:03+00:00\",\"description\":\"D\u00e9couvrez en quelques lignes qui sont les partenaires de confiance du Sporting Village, tiers-lieu multiactivit\u00e9s \u00e0 Toulouse.\",\"breadcrumb\":{\"@id\":\"https:\/\/www.sporting-village.fr\/toulouse\/les-partenaires-de-sporting-village\/#breadcrumb\"},\"inLanguage\":\"fr-FR\",\"potentialAction\":[{\"@type\":\"ReadAction\",\"target\":[\"https:\/\/www.sporting-village.fr\/toulouse\/les-partenaires-de-sporting-village\/\"]}]},{\"@type\":\"ImageObject\",\"inLanguage\":\"fr-FR\",\"@id\":\"https:\/\/www.sporting-village.fr\/toulouse\/les-partenaires-de-sporting-village\/#primaryimage\",\"url\":\"https:\/\/www.sporting-village.fr\/toulouse\/wp-content\/uploads\/sites\/3\/2019\/09\/bg-contact.jpg\",\"contentUrl\":\"https:\/\/www.sporting-village.fr\/toulouse\/wp-content\/uploads\/sites\/3\/2019\/09\/bg-contact.jpg\",\"width\":1900,\"height\":578},{\"@type\":\"BreadcrumbList\",\"@id\":\"https:\/\/www.sporting-village.fr\/toulouse\/les-partenaires-de-sporting-village\/#breadcrumb\",\"itemListElement\":[{\"@type\":\"ListItem\",\"position\":1,\"name\":\"Accueil\",\"item\":\"https:\/\/www.sporting-village.fr\"},{\"@type\":\"ListItem\",\"position\":2,\"name\":\"Sporting Village Toulouse\",\"item\":\"https:\/\/www.sporting-village.fr\/toulouse\/\"},{\"@type\":\"ListItem\",\"position\":3,\"name\":\"Soci\u00e9t\u00e9s partenaires\"}]},{\"@type\":\"WebSite\",\"@id\":\"https:\/\/www.sporting-village.fr\/toulouse\/#website\",\"url\":\"https:\/\/www.sporting-village.fr\/toulouse\/\",\"name\":\"Sporting Village Toulouse\",\"description\":\"Sporting Village Toulouse\",\"potentialAction\":[{\"@type\":\"SearchAction\",\"target\":{\"@type\":\"EntryPoint\",\"urlTemplate\":\"https:\/\/www.sporting-village.fr\/toulouse\/?s={search_term_string}\"},\"query-input\":{\"@type\":\"PropertyValueSpecification\",\"valueRequired\":true,\"valueName\":\"search_term_string\"}}],\"inLanguage\":\"fr-FR\"}]}<\/script>\n<!-- \/ Yoast SEO plugin. -->","yoast_head_json":{"title":"Les soci\u00e9t\u00e9s partenaires du Sporting Village - Sporting Village Toulouse","description":"D\u00e9couvrez en quelques lignes qui sont les partenaires de confiance du Sporting Village, tiers-lieu multiactivit\u00e9s \u00e0 Toulouse.","robots":{"index":"index","follow":"follow","max-snippet":"max-snippet:-1","max-image-preview":"max-image-preview:large","max-video-preview":"max-video-preview:-1"},"canonical":"https:\/\/www.sporting-village.fr\/toulouse\/les-partenaires-de-sporting-village\/","og_locale":"fr_FR","og_type":"article","og_title":"Les soci\u00e9t\u00e9s partenaires du Sporting Village - Sporting Village Toulouse","og_description":"D\u00e9couvrez en quelques lignes qui sont les partenaires de confiance du Sporting Village, tiers-lieu multiactivit\u00e9s \u00e0 Toulouse.","og_url":"https:\/\/www.sporting-village.fr\/toulouse\/les-partenaires-de-sporting-village\/","og_site_name":"Sporting Village Toulouse","article_modified_time":"2019-09-18T10:21:03+00:00","og_image":[{"width":1900,"height":578,"url":"https:\/\/www.sporting-village.fr\/toulouse\/wp-content\/uploads\/sites\/3\/2019\/09\/bg-contact.jpg","type":"image\/jpeg"}],"twitter_card":"summary_large_image","twitter_misc":{"Dur\u00e9e de lecture estim\u00e9e":"1 minute"},"schema":{"@context":"https:\/\/schema.org","@graph":[{"@type":"WebPage","@id":"https:\/\/www.sporting-village.fr\/toulouse\/les-partenaires-de-sporting-village\/","url":"https:\/\/www.sporting-village.fr\/toulouse\/les-partenaires-de-sporting-village\/","name":"Les soci\u00e9t\u00e9s partenaires du Sporting Village - Sporting Village Toulouse","isPartOf":{"@id":"https:\/\/www.sporting-village.fr\/toulouse\/#website"},"primaryImageOfPage":{"@id":"https:\/\/www.sporting-village.fr\/toulouse\/les-partenaires-de-sporting-village\/#primaryimage"},"image":{"@id":"https:\/\/www.sporting-village.fr\/toulouse\/les-partenaires-de-sporting-village\/#primaryimage"},"thumbnailUrl":"https:\/\/www.sporting-village.fr\/toulouse\/wp-content\/uploads\/sites\/3\/2019\/09\/bg-contact.jpg","datePublished":"2019-09-17T10:14:21+00:00","dateModified":"2019-09-18T10:21:03+00:00","description":"D\u00e9couvrez en quelques lignes qui sont les partenaires de confiance du Sporting Village, tiers-lieu multiactivit\u00e9s \u00e0 Toulouse.","breadcrumb":{"@id":"https:\/\/www.sporting-village.fr\/toulouse\/les-partenaires-de-sporting-village\/#breadcrumb"},"inLanguage":"fr-FR","potentialAction":[{"@type":"ReadAction","target":["https:\/\/www.sporting-village.fr\/toulouse\/les-partenaires-de-sporting-village\/"]}]},{"@type":"ImageObject","inLanguage":"fr-FR","@id":"https:\/\/www.sporting-village.fr\/toulouse\/les-partenaires-de-sporting-village\/#primaryimage","url":"https:\/\/www.sporting-village.fr\/toulouse\/wp-content\/uploads\/sites\/3\/2019\/09\/bg-contact.jpg","contentUrl":"https:\/\/www.sporting-village.fr\/toulouse\/wp-content\/uploads\/sites\/3\/2019\/09\/bg-contact.jpg","width":1900,"height":578},{"@type":"BreadcrumbList","@id":"https:\/\/www.sporting-village.fr\/toulouse\/les-partenaires-de-sporting-village\/#breadcrumb","itemListElement":[{"@type":"ListItem","position":1,"name":"Accueil","item":"https:\/\/www.sporting-village.fr"},{"@type":"ListItem","position":2,"name":"Sporting Village Toulouse","item":"https:\/\/www.sporting-village.fr\/toulouse\/"},{"@type":"ListItem","position":3,"name":"Soci\u00e9t\u00e9s partenaires"}]},{"@type":"WebSite","@id":"https:\/\/www.sporting-village.fr\/toulouse\/#website","url":"https:\/\/www.sporting-village.fr\/toulouse\/","name":"Sporting Village Toulouse","description":"Sporting Village Toulouse","potentialAction":[{"@type":"SearchAction","target":{"@type":"EntryPoint","urlTemplate":"https:\/\/www.sporting-village.fr\/toulouse\/?s={search_term_string}"},"query-input":{"@type":"PropertyValueSpecification","valueRequired":true,"valueName":"search_term_string"}}],"inLanguage":"fr-FR"}]}},"_links":{"self":[{"href":"https:\/\/www.sporting-village.fr\/toulouse\/wp-json\/wp\/v2\/pages\/4281","targetHints":{"allow":["GET"]}}],"collection":[{"href":"https:\/\/www.sporting-village.fr\/toulouse\/wp-json\/wp\/v2\/pages"}],"about":[{"href":"https:\/\/www.sporting-village.fr\/toulouse\/wp-json\/wp\/v2\/types\/page"}],"author":[{"embeddable":true,"href":"https:\/\/www.sporting-village.fr\/toulouse\/wp-json\/wp\/v2\/users\/7"}],"replies":[{"embeddable":true,"href":"https:\/\/www.sporting-village.fr\/toulouse\/wp-json\/wp\/v2\/comments?post=4281"}],"version-history":[{"count":13,"href":"https:\/\/www.sporting-village.fr\/toulouse\/wp-json\/wp\/v2\/pages\/4281\/revisions"}],"predecessor-version":[{"id":4317,"href":"https:\/\/www.sporting-village.fr\/toulouse\/wp-json\/wp\/v2\/pages\/4281\/revisions\/4317"}],"wp:featuredmedia":[{"embeddable":true,"href":"https:\/\/www.sporting-village.fr\/toulouse\/wp-json\/wp\/v2\/media\/4119"}],"wp:attachment":[{"href":"https:\/\/www.sporting-village.fr\/toulouse\/wp-json\/wp\/v2\/media?parent=4281"}],"curies":[{"name":"wp","href":"https:\/\/api.w.org\/{rel}","templated":true}]}}