{"id":651,"date":"2016-06-29T14:28:49","date_gmt":"2016-06-29T12:28:49","guid":{"rendered":"https:\/\/sporting-village.fr\/toulouse\/?page_id=651"},"modified":"2022-09-29T11:39:24","modified_gmt":"2022-09-29T09:39:24","slug":"mentions-legales","status":"publish","type":"page","link":"https:\/\/www.sporting-village.fr\/toulouse\/mentions-legales\/","title":{"rendered":"Mentions l\u00e9gales"},"content":{"rendered":"<h2>\u00c9DIT\u00c9 PAR SPORTING VILLAGE \u2013 SARL SPORTING FINANCES<\/h2>\n<p>272 route de Launaguet<br \/>\n31200 Toulouse<br \/>\nT\u00e9l : 05 34 40 50 70 \/\u00a0Fax : 05 34 40 50 81<br \/>\nSARL au capital de 1 000 000 \u20ac<br \/>\nSIREN: 480 089 333\u2013 RCS Toulouse<br \/>\nCode NAF : 6420 B<br \/>\nNum\u00e9ro de TVA intracommunautaire : 80 480 089 333 000 11<br \/>\nResponsable de la publication : Micka\u00ebl Merz (G\u00e9rant)<br \/>\nH\u00e9bergeur : Datacampus<br \/>\nCe site utilise la plateforme de publication WordPress ; th\u00e8me d\u00e9velopp\u00e9 par Sporting Comm\u2019 \u2013 Agence de communication<\/p>\n<h2>CONTENU ET INFORMATIONS<\/h2>\n<p>Le site \u00ab Sporting Village \u00bb est prot\u00e9g\u00e9 par les lois en vigueur sur la propri\u00e9t\u00e9 intellectuelle et le droit d\u2019auteur.<br \/>\nToutes les informations disponibles sur le Site sont prot\u00e9g\u00e9es par un copyright et sont propri\u00e9t\u00e9 de Sporting Village, sous r\u00e9serve de droits appartenant \u00e0 des tiers. Les pr\u00e9sentes informations ne devront pas \u00eatre interpr\u00e9t\u00e9es comme constituant une licence ou un droit d\u2019utilisation portant sur toute image, marque d\u00e9pos\u00e9e, marque de service ou logo de Sporting Village. Le t\u00e9l\u00e9chargement ou la copie de tout logiciel ou mat\u00e9riel \u00e0 partir du Site ne vous conf\u00e8re aucun droit sur les \u00e9l\u00e9ments t\u00e9l\u00e9charg\u00e9s ou copi\u00e9s. Sporting Village r\u00e9serve tous ses droits sur le copyright et la propri\u00e9t\u00e9 de toute information disponible sur le Site et les fera valoir dans toute l\u2019extension de la loi applicable.<br \/>\nLe site sporting-village.fr est enregistr\u00e9 aupr\u00e8s de la CNIL sous le num\u00e9ro 1844010 v 0.<\/p>\n<h2>RESPONSABILIT\u00c9<\/h2>\n<p>Le site \u00ab Sporting Village \u00bb contient des liens hypertextes renvoyant \u00e0 d\u2019autres site Internet. Ne pouvant exercer aucun contr\u00f4le sur ces sites, Sporting Village ne peut \u00eatre tenu pour responsable de la mise \u00e0 disposition de ces sites et sources externes, et ne peut supporter la responsabilit\u00e9 quant aux contenus cr\u00e9\u00e9s ou publi\u00e9s sur ces sites tiers.<\/p>\n<h2>R\u00c9SERVE DE FIABILIT\u00c9 ET DE GARANTIE<\/h2>\n<p>Les informations disponibles sur le Site ont \u00e9t\u00e9 pr\u00e9par\u00e9es par Sporting Village, qui a pris toutes les mesures n\u00e9cessaires pour faire en sorte que ces informations soient fiables, correctes et compl\u00e8tes. Sporting Village ne garantit ni explicitement ni implicitement l\u2019exactitude, l\u2019exhaustivit\u00e9 ou l\u2019ad\u00e9quation des-dites informations \u00e0 quelques fins que ce soit.<br \/>\nSporting Village ne peut garantir que les informations trouv\u00e9es sur le Site n\u2019ont pas \u00e9t\u00e9 alt\u00e9r\u00e9es suite \u00e0 des d\u00e9faillances techniques (d\u00e9connexion, interf\u00e9rence de la part de tiers, virus, etc.).<br \/>\nLes informations contenues sur le site ne doivent en aucun cas \u00eatre interpr\u00e9t\u00e9es comme constituant des conseils de placement, d\u2019ordre juridique, fiscal ou autre. Les informations ou opinions contenues sur le Site sont sans rapport avec les objectifs de placement, la situation financi\u00e8re ou les besoins particuliers de tout r\u00e9cepteur des dites informations. Il vous est conseill\u00e9 d\u2019obtenir un conseil professionnel sp\u00e9cifique, personnalis\u00e9 et ad\u00e9quat avant de prendre toute d\u00e9cision de placement. Les informations ou opinions contenues sur le pr\u00e9sent Site sont fournies \u00e0 titre informatif et personnel uniquement et sont susceptibles d\u2019\u00eatre modifi\u00e9es sans pr\u00e9avis.<br \/>\nLa valeur d\u2019investissement dans des titres, produits d\u00e9riv\u00e9s, actions ou parts de fonds de placement peut baisser ou augmenter. Il se peut donc que l\u2019investisseur ne r\u00e9cup\u00e8re pas le montant initialement investi. Les performances pass\u00e9es n\u2019offrent aucune garantie quant aux r\u00e9sultats futurs.<br \/>\nDans les limites autoris\u00e9es par la loi, notamment en cas de n\u00e9gligence, Sporting Village ne pourra \u00eatre tenu responsable de pertes ou de dommages de quelque nature que ce soit, qu\u2019il s\u2019agisse, notamment mais non exclusivement, de dommages directs, indirects ou cons\u00e9cutifs, li\u00e9s \u00e0 l\u2019acc\u00e8s au Site ou \u00e0 tout autre site ayant un lien avec le Site, \u00e0 son utilisation, \u00e0 son exploration ou \u00e0 son t\u00e9l\u00e9chargement.<br \/>\nCe Site vous offre la possibilit\u00e9 d\u2019envoyer des e-mails \u00e0 Sporting Village. Ces e-mails transitent par Internet, un r\u00e9seau public sur lequel Sporting Village n\u2019a aucun contr\u00f4le, et sont de ce fait susceptibles d\u2019\u00eatre intercept\u00e9s, alt\u00e9r\u00e9s ou perdus. Sporting Village d\u00e9cline toute responsabilit\u00e9 \u00e0 cet \u00e9gard.<\/p>\n<h2>GESTION DES DONN\u00c9ES PERSONNELLES<\/h2>\n<p>Sporting Village s\u2019engage au strict respect de la l\u00e9gislation en vigueur concernant le respect de la vie priv\u00e9e des internautes et des utilisateurs.<\/p>\n<h3>NATURE ET FINALIT\u00c9 DES DONN\u00c9ES COLLECT\u00c9ES<\/h3>\n<p>Le terme \u00ab Donn\u00e9es Personnelles \u00bb d\u00e9signe l\u2019ensemble des informations nominatives concernant les internautes et les utilisateurs. Il peut s\u2019agir notamment des donn\u00e9es que l\u2019internaute ou l\u2019utilisateur a volontairement fournies \u00e0 Sporting Village dans le cadre d\u2019un formulaire de contact, ou lors de l\u2019ouverture de son compte utilisateur, ainsi que des donn\u00e9es que l\u2019utilisateur sera amen\u00e9 \u00e0 transmettre \u00e0 Sporting Village ult\u00e9rieurement dans le cadre de l\u2019utilisation de son compte utilisateur.<\/p>\n<h3>MOTS DE PASSE ET E-MAILS<\/h3>\n<p>Les e-mails et mots de passe, tels que l\u2019internaute ou l\u2019utilisateur les d\u00e9finit lors d\u2019un formulaire de contact ou lors de la cr\u00e9ation de son compte personnel ou professionnel, ou tels qu\u2019\u00e9ventuellement modifi\u00e9s ult\u00e9rieurement par ses soins, lui sont personnels. Ces informations sont strictement confidentielles.<br \/>\nL\u2019internaute ou l\u2019utilisateur disposant d\u2019un compte utilisateur s\u2019engage \u00e0 ne pas les communiquer \u00e0 des tiers, et le cas \u00e9ch\u00e9ant, il demeure seul responsable de l\u2019usage qui peut en \u00eatre fait. Sporting Village ne pourra voir sa responsabilit\u00e9 engag\u00e9e du fait de l\u2019utilisation par un tiers de ses e-mails et mots de passe. En cas de perte, d\u00e9tournement ou utilisation non autoris\u00e9e de ses e-mails et mots de passe, l\u2019internaute ou l\u2019utilisateur disposant d\u2019un compte utilisateur doit en informer imm\u00e9diatement Sporting Village. Sporting Village pourra bloquer l\u2019acc\u00e8s aux formulaires de contact ou au compte utilisateur et\/ou inviter l\u2019utilisateur disposant d\u2019un compte utilisateur \u00e0 cr\u00e9er un nouveau mot de passe afin de reconfigurer les acc\u00e8s.<\/p>\n<h3>DROIT D\u2019ACC\u00c8S, MODIFICATION, RECTIFICATION, SUPPRESSION DES DONN\u00c9ES \/ DUR\u00c9E DE CONSERVATION<\/h3>\n<p>Les donn\u00e9es personnelles sont susceptibles d\u2019\u00eatre conserv\u00e9es pendant une dur\u00e9e qui ne saurait exc\u00e9der la dur\u00e9e l\u00e9gale.<br \/>\nConform\u00e9ment \u00e0 la l\u00e9gislation fran\u00e7aise en vigueur (art. 40 de la loi relative \u00e0 l\u2019informatique, aux fichiers et aux libert\u00e9s du 6 janvier 1978 modifi\u00e9e par la loi du 6 ao\u00fbt 2004), l\u2019internaute et l\u2019utilisateur disposent d\u2019un droit d\u2019acc\u00e8s, de modification, de rectification et de suppression de leurs donn\u00e9es personnelles. Pour l\u2019exercer, il suffit d\u2019envoyer un courrier \u00e0 l\u2019adresse suivante :<br \/>\nSporting Village, 272 route de Launaguet, 31200 Toulouse, France, accompagn\u00e9 d\u2019une copie d\u2019une pi\u00e8ce d\u2019identit\u00e9.<br \/>\nL\u2019internaute et l\u2019utilisateur sont syst\u00e9matiquement inform\u00e9s du responsable et de la finalit\u00e9 de traitement de leurs donn\u00e9es personnelles, de leurs droits et des modalit\u00e9s de les exercer. En outre, leur accord est syst\u00e9matiquement et express\u00e9ment recueilli en cas d\u2019utilisation de leurs donn\u00e9es \u00e0 des fins commerciales.<\/p>\n<h2>COOKIES<\/h2>\n<p>Le site \u00ab Sporting Village \u00bb a \u00e9t\u00e9 con\u00e7u pour r\u00e9pondre aux besoins des internautes et des utilisateurs. Il fonctionne avec des cookies. Les cookies sont des donn\u00e9es stock\u00e9es dans la m\u00e9moire de l\u2019ordinateur ou de l\u2019appareil mobile de l\u2019internaute ou de l\u2019utilisateur afin de lui faciliter la navigation sur le site, la consultation des pages web, ou de lui proposer certaines fonctionnalit\u00e9s avanc\u00e9es.<\/p>\n<h3>FINALIT\u00c9 DES COOKIES<\/h3>\n<p>Un cookie est un fichier de petite taille, ne permettant pas l\u2019identification de l\u2019utilisateur, mais qui enregistre des informations relatives \u00e0 la navigation d\u2019un ordinateur sur un site. Les donn\u00e9es ainsi obtenues visent \u00e0 faciliter la navigation ult\u00e9rieure sur le site, et ont \u00e9galement vocation \u00e0 permettre diverses mesures de fr\u00e9quentation. Les cookies sont utilis\u00e9s aux fins \u00e9num\u00e9r\u00e9es ci-dessous, sous r\u00e9serve des choix que l\u2019internaute ou l\u2019utilisateur peut exprimer et modifier \u00e0 tout moment via les param\u00e8tres du logiciel de navigation lors de sa navigation sur le site \u00ab Sporting Village \u00bb. Ils permettent :<\/p>\n<ul>\n<li>de m\u00e9moriser les informations relatives \u00e0 un formulaire que l\u2019internaute ou l\u2019utilisateur a remplies sur le site \u00ab Sporting Village \u00bb ou les pages des services ou informations que l\u2019internaute ou l\u2019utilisateur a visit\u00e9es sur le site,<\/li>\n<li>d\u2019\u00e9tablir des statistiques et volumes de fr\u00e9quentation et d\u2019utilisation des divers \u00e9l\u00e9ments composant le site afin de permettre \u00e0 Sporting Village d\u2019am\u00e9liorer l\u2019int\u00e9r\u00eat et l\u2019ergonomie du site,<\/li>\n<li>\u00e0 l\u2019internaute de se connecter \u00e0 son compte utilisateur, et ainsi de sauvegarder ses annonces et recherches favorites,<\/li>\n<li>d\u2019adapter les contenus informationnels ou promotionnels du site en fonction des int\u00e9r\u00eats et pr\u00e9f\u00e9rences suppos\u00e9s, d\u00e9clar\u00e9s, ou r\u00e9sultants de la navigation de l\u2019internaute ou de l\u2019utilisateur sur le site, et en fonction du lieu de connexion au site.<\/li>\n<\/ul>\n<h3>GESTION DES COOKIES<\/h3>\n<p>L&rsquo;internaute ou l\u2019utilisateur peut s\u2019opposer \u00e0 l\u2019enregistrement de cookies en configurant son ordinateur ou son appareil mobile selon le navigateur qu\u2019il utilise. Toutefois, la suppression des cookies pourrait l\u2019emp\u00eacher de naviguer correctement sur le site \u00ab Sporting Village \u00bb et emp\u00eacher l\u2019acc\u00e8s \u00e0 certaines de ses fonctionnalit\u00e9s. Le menu d\u2019aide de son navigateur lui permet de savoir de quelle mani\u00e8re exprimer ou modifier ses pr\u00e9f\u00e9rences en mati\u00e8re de cookies. L\u2019internaute ou l\u2019utilisateur peut consulter les sites correspondant \u00e0 son navigateur pour en savoir plus sur l\u2019utilisation des cookies :<\/p>\n<ul>\n<li><a href=\"https:\/\/support.microsoft.com\/fr-fr\/help\/17442\/windows-internet-explorer-delete-manage-cookies\">Internet Explorer\u2122<\/a><\/li>\n<li><a href=\"https:\/\/support.mozilla.org\/fr\/kb\/activer-desactiver-cookies-preferences?redirectlocale=fr&amp;redirectslug=activer-desactiver-cookies\">Firefox\u2122<\/a><\/li>\n<li><a href=\"http:\/\/help.opera.com\/Windows\/10.20\/fr\/cookies.html\">Opera\u2122<\/a><\/li>\n<li><a href=\"https:\/\/support.apple.com\/kb\/PH19214?locale=fr_FR\">Safari\u2122<\/a><\/li>\n<li><a href=\"https:\/\/support.google.com\/chrome\/answer\/95647\">Chrome\u2122<\/a><\/li>\n<\/ul>\n<h2>DISPOSITIF DE M\u00c9DIATION DES LITIGES DE CONSOMMATION<\/h2>\n<p>Conform\u00e9ment aux articles du code de la consommation L611-1 et suivants et R612-1 et suivants , le consommateur est inform\u00e9 par le professionnel qu\u2019il a la possibilit\u00e9, en cas de contestation, de recourir \u00e0 la proc\u00e9dure de m\u00e9diation de la consommation en saisissant le M\u00e9diateur Tourisme et Voyage ( MTV) dont les coordonn\u00e9es et modalit\u00e9s de saisine sont disponibles sur le site : <a href=\"http:\/\/www.mtv.travel\/\">www.mtv.travel<\/a><\/p>\n","protected":false},"excerpt":{"rendered":"<p>\u00c9DIT\u00c9 PAR SPORTING VILLAGE \u2013 SARL SPORTING FINANCES 272 route de Launaguet 31200 Toulouse T\u00e9l : 05 34 40 50 70 \/\u00a0Fax : 05 34 40 50 81 SARL au capital de 1 000 000 \u20ac SIREN: 480 089 333\u2013 RCS Toulouse Code NAF : 6420 B Num\u00e9ro de TVA intracommunautaire : 80 480 089 [&hellip;]<\/p>\n","protected":false},"author":2,"featured_media":0,"parent":0,"menu_order":0,"comment_status":"closed","ping_status":"closed","template":"","meta":{"_acf_changed":false,"content-type":"","footnotes":""},"class_list":["post-651","page","type-page","status-publish","hentry"],"acf":[],"yoast_head":"<!-- This site is optimized with the Yoast SEO plugin v27.5 - https:\/\/yoast.com\/product\/yoast-seo-wordpress\/ -->\n<title>Mentions l\u00e9gales - Sporting Village Toulouse<\/title>\n<meta name=\"robots\" content=\"index, follow, max-snippet:-1, max-image-preview:large, max-video-preview:-1\" \/>\n<link rel=\"canonical\" href=\"https:\/\/www.sporting-village.fr\/toulouse\/mentions-legales\/\" \/>\n<meta property=\"og:locale\" content=\"fr_FR\" \/>\n<meta property=\"og:type\" content=\"article\" \/>\n<meta property=\"og:title\" content=\"Mentions l\u00e9gales - Sporting Village Toulouse\" \/>\n<meta property=\"og:description\" content=\"\u00c9DIT\u00c9 PAR SPORTING VILLAGE \u2013 SARL SPORTING FINANCES 272 route de Launaguet 31200 Toulouse T\u00e9l : 05 34 40 50 70 \/\u00a0Fax : 05 34 40 50 81 SARL au capital de 1 000 000 \u20ac SIREN: 480 089 333\u2013 RCS Toulouse Code NAF : 6420 B Num\u00e9ro de TVA intracommunautaire : 80 480 089 [&hellip;]\" \/>\n<meta property=\"og:url\" content=\"https:\/\/www.sporting-village.fr\/toulouse\/mentions-legales\/\" \/>\n<meta property=\"og:site_name\" content=\"Sporting Village Toulouse\" \/>\n<meta property=\"article:modified_time\" content=\"2022-09-29T09:39:24+00:00\" \/>\n<meta name=\"twitter:card\" content=\"summary_large_image\" \/>\n<meta name=\"twitter:label1\" content=\"Dur\u00e9e de lecture estim\u00e9e\" \/>\n\t<meta name=\"twitter:data1\" content=\"8 minutes\" \/>\n<script type=\"application\/ld+json\" class=\"yoast-schema-graph\">{\"@context\":\"https:\\\/\\\/schema.org\",\"@graph\":[{\"@type\":\"WebPage\",\"@id\":\"https:\\\/\\\/www.sporting-village.fr\\\/toulouse\\\/mentions-legales\\\/\",\"url\":\"https:\\\/\\\/www.sporting-village.fr\\\/toulouse\\\/mentions-legales\\\/\",\"name\":\"Mentions l\u00e9gales - Sporting Village Toulouse\",\"isPartOf\":{\"@id\":\"https:\\\/\\\/www.sporting-village.fr\\\/toulouse\\\/#website\"},\"datePublished\":\"2016-06-29T12:28:49+00:00\",\"dateModified\":\"2022-09-29T09:39:24+00:00\",\"breadcrumb\":{\"@id\":\"https:\\\/\\\/www.sporting-village.fr\\\/toulouse\\\/mentions-legales\\\/#breadcrumb\"},\"inLanguage\":\"fr-FR\",\"potentialAction\":[{\"@type\":\"ReadAction\",\"target\":[\"https:\\\/\\\/www.sporting-village.fr\\\/toulouse\\\/mentions-legales\\\/\"]}]},{\"@type\":\"BreadcrumbList\",\"@id\":\"https:\\\/\\\/www.sporting-village.fr\\\/toulouse\\\/mentions-legales\\\/#breadcrumb\",\"itemListElement\":[{\"@type\":\"ListItem\",\"position\":1,\"name\":\"Accueil\",\"item\":\"https:\\\/\\\/www.sporting-village.fr\"},{\"@type\":\"ListItem\",\"position\":2,\"name\":\"Sporting Village Toulouse\",\"item\":\"https:\\\/\\\/www.sporting-village.fr\\\/toulouse\\\/\"},{\"@type\":\"ListItem\",\"position\":3,\"name\":\"Mentions l\u00e9gales\"}]},{\"@type\":\"WebSite\",\"@id\":\"https:\\\/\\\/www.sporting-village.fr\\\/toulouse\\\/#website\",\"url\":\"https:\\\/\\\/www.sporting-village.fr\\\/toulouse\\\/\",\"name\":\"Sporting Village Toulouse\",\"description\":\"Sporting Village Toulouse\",\"potentialAction\":[{\"@type\":\"SearchAction\",\"target\":{\"@type\":\"EntryPoint\",\"urlTemplate\":\"https:\\\/\\\/www.sporting-village.fr\\\/toulouse\\\/?s={search_term_string}\"},\"query-input\":{\"@type\":\"PropertyValueSpecification\",\"valueRequired\":true,\"valueName\":\"search_term_string\"}}],\"inLanguage\":\"fr-FR\"}]}<\/script>\n<!-- \/ Yoast SEO plugin. -->","yoast_head_json":{"title":"Mentions l\u00e9gales - Sporting Village Toulouse","robots":{"index":"index","follow":"follow","max-snippet":"max-snippet:-1","max-image-preview":"max-image-preview:large","max-video-preview":"max-video-preview:-1"},"canonical":"https:\/\/www.sporting-village.fr\/toulouse\/mentions-legales\/","og_locale":"fr_FR","og_type":"article","og_title":"Mentions l\u00e9gales - Sporting Village Toulouse","og_description":"\u00c9DIT\u00c9 PAR SPORTING VILLAGE \u2013 SARL SPORTING FINANCES 272 route de Launaguet 31200 Toulouse T\u00e9l : 05 34 40 50 70 \/\u00a0Fax : 05 34 40 50 81 SARL au capital de 1 000 000 \u20ac SIREN: 480 089 333\u2013 RCS Toulouse Code NAF : 6420 B Num\u00e9ro de TVA intracommunautaire : 80 480 089 [&hellip;]","og_url":"https:\/\/www.sporting-village.fr\/toulouse\/mentions-legales\/","og_site_name":"Sporting Village Toulouse","article_modified_time":"2022-09-29T09:39:24+00:00","twitter_card":"summary_large_image","twitter_misc":{"Dur\u00e9e de lecture estim\u00e9e":"8 minutes"},"schema":{"@context":"https:\/\/schema.org","@graph":[{"@type":"WebPage","@id":"https:\/\/www.sporting-village.fr\/toulouse\/mentions-legales\/","url":"https:\/\/www.sporting-village.fr\/toulouse\/mentions-legales\/","name":"Mentions l\u00e9gales - Sporting Village Toulouse","isPartOf":{"@id":"https:\/\/www.sporting-village.fr\/toulouse\/#website"},"datePublished":"2016-06-29T12:28:49+00:00","dateModified":"2022-09-29T09:39:24+00:00","breadcrumb":{"@id":"https:\/\/www.sporting-village.fr\/toulouse\/mentions-legales\/#breadcrumb"},"inLanguage":"fr-FR","potentialAction":[{"@type":"ReadAction","target":["https:\/\/www.sporting-village.fr\/toulouse\/mentions-legales\/"]}]},{"@type":"BreadcrumbList","@id":"https:\/\/www.sporting-village.fr\/toulouse\/mentions-legales\/#breadcrumb","itemListElement":[{"@type":"ListItem","position":1,"name":"Accueil","item":"https:\/\/www.sporting-village.fr"},{"@type":"ListItem","position":2,"name":"Sporting Village Toulouse","item":"https:\/\/www.sporting-village.fr\/toulouse\/"},{"@type":"ListItem","position":3,"name":"Mentions l\u00e9gales"}]},{"@type":"WebSite","@id":"https:\/\/www.sporting-village.fr\/toulouse\/#website","url":"https:\/\/www.sporting-village.fr\/toulouse\/","name":"Sporting Village Toulouse","description":"Sporting Village Toulouse","potentialAction":[{"@type":"SearchAction","target":{"@type":"EntryPoint","urlTemplate":"https:\/\/www.sporting-village.fr\/toulouse\/?s={search_term_string}"},"query-input":{"@type":"PropertyValueSpecification","valueRequired":true,"valueName":"search_term_string"}}],"inLanguage":"fr-FR"}]}},"_links":{"self":[{"href":"https:\/\/www.sporting-village.fr\/toulouse\/wp-json\/wp\/v2\/pages\/651","targetHints":{"allow":["GET"]}}],"collection":[{"href":"https:\/\/www.sporting-village.fr\/toulouse\/wp-json\/wp\/v2\/pages"}],"about":[{"href":"https:\/\/www.sporting-village.fr\/toulouse\/wp-json\/wp\/v2\/types\/page"}],"author":[{"embeddable":true,"href":"https:\/\/www.sporting-village.fr\/toulouse\/wp-json\/wp\/v2\/users\/2"}],"replies":[{"embeddable":true,"href":"https:\/\/www.sporting-village.fr\/toulouse\/wp-json\/wp\/v2\/comments?post=651"}],"version-history":[{"count":4,"href":"https:\/\/www.sporting-village.fr\/toulouse\/wp-json\/wp\/v2\/pages\/651\/revisions"}],"predecessor-version":[{"id":5749,"href":"https:\/\/www.sporting-village.fr\/toulouse\/wp-json\/wp\/v2\/pages\/651\/revisions\/5749"}],"wp:attachment":[{"href":"https:\/\/www.sporting-village.fr\/toulouse\/wp-json\/wp\/v2\/media?parent=651"}],"curies":[{"name":"wp","href":"https:\/\/api.w.org\/{rel}","templated":true}]}}